{"id":2020,"date":"2025-08-13T11:45:19","date_gmt":"2025-08-13T09:45:19","guid":{"rendered":"https:\/\/konoba-hrvatska-prica.com\/?page_id=2020"},"modified":"2025-08-13T11:45:55","modified_gmt":"2025-08-13T09:45:55","slug":"a-propos-du-jeu","status":"publish","type":"page","link":"https:\/\/konoba-hrvatska-prica.com\/index.php\/fr\/a-propos-du-jeu\/","title":{"rendered":"\u00c0 PROPOS DU JEU"},"content":{"rendered":"\t\t<div data-elementor-type=\"wp-page\" data-elementor-id=\"2020\" class=\"elementor elementor-2020\">\n\t\t\t\t\t\t<section class=\"elementor-section elementor-top-section elementor-element elementor-element-e08f402 elementor-section-boxed elementor-section-height-default elementor-section-height-default\" data-id=\"e08f402\" data-element_type=\"section\">\n\t\t\t\t\t\t<div class=\"elementor-container elementor-column-gap-default\">\n\t\t\t\t\t<div class=\"elementor-column elementor-col-33 elementor-top-column elementor-element elementor-element-13d7efc\" data-id=\"13d7efc\" data-element_type=\"column\">\n\t\t\t<div class=\"elementor-widget-wrap elementor-element-populated\">\n\t\t\t\t\t\t<div class=\"elementor-element elementor-element-2acb375 elementor-widget elementor-widget-image-gallery\" data-id=\"2acb375\" data-element_type=\"widget\" data-widget_type=\"image-gallery.default\">\n\t\t\t\t<div class=\"elementor-widget-container\">\n\t\t\t\t\t\t\t<div class=\"elementor-image-gallery\">\n\t\t\t<div id='gallery-1' class='gallery galleryid-2020 gallery-columns-4 gallery-size-thumbnail'><dl class='gallery-item'>\n\t\t\t<dt class='gallery-icon landscape'>\n\t\t\t\t<a data-elementor-open-lightbox=\"yes\" data-elementor-lightbox-slideshow=\"2acb375\" data-elementor-lightbox-title=\"20250615_175139\" data-e-action-hash=\"#elementor-action%3Aaction%3Dlightbox%26settings%3DeyJpZCI6MTk0NCwidXJsIjoiaHR0cHM6XC9cL2tvbm9iYS1ocnZhdHNrYS1wcmljYS5jb21cL3dwLWNvbnRlbnRcL3VwbG9hZHNcLzIwMjVcLzA2XC8yMDI1MDYxNV8xNzUxMzktc2NhbGVkLmpwZyIsInNsaWRlc2hvdyI6IjJhY2IzNzUifQ%3D%3D\" href='https:\/\/konoba-hrvatska-prica.com\/wp-content\/uploads\/2025\/06\/20250615_175139-scaled.jpg'><img decoding=\"async\" width=\"150\" height=\"150\" src=\"https:\/\/konoba-hrvatska-prica.com\/wp-content\/uploads\/2025\/06\/20250615_175139-150x150.jpg\" class=\"attachment-thumbnail size-thumbnail\" alt=\"\" srcset=\"https:\/\/konoba-hrvatska-prica.com\/wp-content\/uploads\/2025\/06\/20250615_175139-150x150.jpg 150w, https:\/\/konoba-hrvatska-prica.com\/wp-content\/uploads\/2025\/06\/20250615_175139-525x525.jpg 525w, https:\/\/konoba-hrvatska-prica.com\/wp-content\/uploads\/2025\/06\/20250615_175139-80x80.jpg 80w\" sizes=\"(max-width: 150px) 100vw, 150px\" \/><\/a>\n\t\t\t<\/dt><\/dl><dl class='gallery-item'>\n\t\t\t<dt class='gallery-icon landscape'>\n\t\t\t\t<a data-elementor-open-lightbox=\"yes\" data-elementor-lightbox-slideshow=\"2acb375\" data-elementor-lightbox-title=\"20250615_175135\" data-e-action-hash=\"#elementor-action%3Aaction%3Dlightbox%26settings%3DeyJpZCI6MTk0NSwidXJsIjoiaHR0cHM6XC9cL2tvbm9iYS1ocnZhdHNrYS1wcmljYS5jb21cL3dwLWNvbnRlbnRcL3VwbG9hZHNcLzIwMjVcLzA2XC8yMDI1MDYxNV8xNzUxMzUtc2NhbGVkLmpwZyIsInNsaWRlc2hvdyI6IjJhY2IzNzUifQ%3D%3D\" href='https:\/\/konoba-hrvatska-prica.com\/wp-content\/uploads\/2025\/06\/20250615_175135-scaled.jpg'><img decoding=\"async\" width=\"150\" height=\"150\" src=\"https:\/\/konoba-hrvatska-prica.com\/wp-content\/uploads\/2025\/06\/20250615_175135-150x150.jpg\" class=\"attachment-thumbnail size-thumbnail\" alt=\"\" srcset=\"https:\/\/konoba-hrvatska-prica.com\/wp-content\/uploads\/2025\/06\/20250615_175135-150x150.jpg 150w, https:\/\/konoba-hrvatska-prica.com\/wp-content\/uploads\/2025\/06\/20250615_175135-525x525.jpg 525w, https:\/\/konoba-hrvatska-prica.com\/wp-content\/uploads\/2025\/06\/20250615_175135-80x80.jpg 80w\" sizes=\"(max-width: 150px) 100vw, 150px\" \/><\/a>\n\t\t\t<\/dt><\/dl><dl class='gallery-item'>\n\t\t\t<dt class='gallery-icon landscape'>\n\t\t\t\t<a data-elementor-open-lightbox=\"yes\" data-elementor-lightbox-slideshow=\"2acb375\" data-elementor-lightbox-title=\"20250615_175007\" data-e-action-hash=\"#elementor-action%3Aaction%3Dlightbox%26settings%3DeyJpZCI6MTk0NiwidXJsIjoiaHR0cHM6XC9cL2tvbm9iYS1ocnZhdHNrYS1wcmljYS5jb21cL3dwLWNvbnRlbnRcL3VwbG9hZHNcLzIwMjVcLzA2XC8yMDI1MDYxNV8xNzUwMDctc2NhbGVkLmpwZyIsInNsaWRlc2hvdyI6IjJhY2IzNzUifQ%3D%3D\" href='https:\/\/konoba-hrvatska-prica.com\/wp-content\/uploads\/2025\/06\/20250615_175007-scaled.jpg'><img decoding=\"async\" width=\"150\" height=\"150\" src=\"https:\/\/konoba-hrvatska-prica.com\/wp-content\/uploads\/2025\/06\/20250615_175007-150x150.jpg\" class=\"attachment-thumbnail size-thumbnail\" alt=\"\" srcset=\"https:\/\/konoba-hrvatska-prica.com\/wp-content\/uploads\/2025\/06\/20250615_175007-150x150.jpg 150w, https:\/\/konoba-hrvatska-prica.com\/wp-content\/uploads\/2025\/06\/20250615_175007-525x525.jpg 525w, https:\/\/konoba-hrvatska-prica.com\/wp-content\/uploads\/2025\/06\/20250615_175007-80x80.jpg 80w\" sizes=\"(max-width: 150px) 100vw, 150px\" \/><\/a>\n\t\t\t<\/dt><\/dl><dl class='gallery-item'>\n\t\t\t<dt class='gallery-icon landscape'>\n\t\t\t\t<a data-elementor-open-lightbox=\"yes\" data-elementor-lightbox-slideshow=\"2acb375\" data-elementor-lightbox-title=\"20250615_174858\" data-e-action-hash=\"#elementor-action%3Aaction%3Dlightbox%26settings%3DeyJpZCI6MTk0NywidXJsIjoiaHR0cHM6XC9cL2tvbm9iYS1ocnZhdHNrYS1wcmljYS5jb21cL3dwLWNvbnRlbnRcL3VwbG9hZHNcLzIwMjVcLzA2XC8yMDI1MDYxNV8xNzQ4NTgtc2NhbGVkLmpwZyIsInNsaWRlc2hvdyI6IjJhY2IzNzUifQ%3D%3D\" href='https:\/\/konoba-hrvatska-prica.com\/wp-content\/uploads\/2025\/06\/20250615_174858-scaled.jpg'><img loading=\"lazy\" decoding=\"async\" width=\"150\" height=\"150\" src=\"https:\/\/konoba-hrvatska-prica.com\/wp-content\/uploads\/2025\/06\/20250615_174858-150x150.jpg\" class=\"attachment-thumbnail size-thumbnail\" alt=\"\" srcset=\"https:\/\/konoba-hrvatska-prica.com\/wp-content\/uploads\/2025\/06\/20250615_174858-150x150.jpg 150w, https:\/\/konoba-hrvatska-prica.com\/wp-content\/uploads\/2025\/06\/20250615_174858-525x525.jpg 525w, https:\/\/konoba-hrvatska-prica.com\/wp-content\/uploads\/2025\/06\/20250615_174858-80x80.jpg 80w\" sizes=\"(max-width: 150px) 100vw, 150px\" \/><\/a>\n\t\t\t<\/dt><\/dl><br style=\"clear: both\" \/><dl class='gallery-item'>\n\t\t\t<dt class='gallery-icon landscape'>\n\t\t\t\t<a data-elementor-open-lightbox=\"yes\" data-elementor-lightbox-slideshow=\"2acb375\" data-elementor-lightbox-title=\"20250615_174850\" data-e-action-hash=\"#elementor-action%3Aaction%3Dlightbox%26settings%3DeyJpZCI6MTk0OCwidXJsIjoiaHR0cHM6XC9cL2tvbm9iYS1ocnZhdHNrYS1wcmljYS5jb21cL3dwLWNvbnRlbnRcL3VwbG9hZHNcLzIwMjVcLzA2XC8yMDI1MDYxNV8xNzQ4NTAtc2NhbGVkLmpwZyIsInNsaWRlc2hvdyI6IjJhY2IzNzUifQ%3D%3D\" href='https:\/\/konoba-hrvatska-prica.com\/wp-content\/uploads\/2025\/06\/20250615_174850-scaled.jpg'><img loading=\"lazy\" decoding=\"async\" width=\"150\" height=\"150\" src=\"https:\/\/konoba-hrvatska-prica.com\/wp-content\/uploads\/2025\/06\/20250615_174850-150x150.jpg\" class=\"attachment-thumbnail size-thumbnail\" alt=\"\" srcset=\"https:\/\/konoba-hrvatska-prica.com\/wp-content\/uploads\/2025\/06\/20250615_174850-150x150.jpg 150w, https:\/\/konoba-hrvatska-prica.com\/wp-content\/uploads\/2025\/06\/20250615_174850-525x525.jpg 525w, https:\/\/konoba-hrvatska-prica.com\/wp-content\/uploads\/2025\/06\/20250615_174850-80x80.jpg 80w\" sizes=\"(max-width: 150px) 100vw, 150px\" \/><\/a>\n\t\t\t<\/dt><\/dl><dl class='gallery-item'>\n\t\t\t<dt class='gallery-icon landscape'>\n\t\t\t\t<a data-elementor-open-lightbox=\"yes\" data-elementor-lightbox-slideshow=\"2acb375\" data-elementor-lightbox-title=\"20250615_175344\" data-e-action-hash=\"#elementor-action%3Aaction%3Dlightbox%26settings%3DeyJpZCI6MTk0OSwidXJsIjoiaHR0cHM6XC9cL2tvbm9iYS1ocnZhdHNrYS1wcmljYS5jb21cL3dwLWNvbnRlbnRcL3VwbG9hZHNcLzIwMjVcLzA2XC8yMDI1MDYxNV8xNzUzNDQtc2NhbGVkLmpwZyIsInNsaWRlc2hvdyI6IjJhY2IzNzUifQ%3D%3D\" href='https:\/\/konoba-hrvatska-prica.com\/wp-content\/uploads\/2025\/06\/20250615_175344-scaled.jpg'><img loading=\"lazy\" decoding=\"async\" width=\"150\" height=\"150\" src=\"https:\/\/konoba-hrvatska-prica.com\/wp-content\/uploads\/2025\/06\/20250615_175344-150x150.jpg\" class=\"attachment-thumbnail size-thumbnail\" alt=\"\" srcset=\"https:\/\/konoba-hrvatska-prica.com\/wp-content\/uploads\/2025\/06\/20250615_175344-150x150.jpg 150w, https:\/\/konoba-hrvatska-prica.com\/wp-content\/uploads\/2025\/06\/20250615_175344-525x525.jpg 525w, https:\/\/konoba-hrvatska-prica.com\/wp-content\/uploads\/2025\/06\/20250615_175344-80x80.jpg 80w\" sizes=\"(max-width: 150px) 100vw, 150px\" \/><\/a>\n\t\t\t<\/dt><\/dl><dl class='gallery-item'>\n\t\t\t<dt class='gallery-icon landscape'>\n\t\t\t\t<a data-elementor-open-lightbox=\"yes\" data-elementor-lightbox-slideshow=\"2acb375\" data-elementor-lightbox-title=\"20250615_175331\" data-e-action-hash=\"#elementor-action%3Aaction%3Dlightbox%26settings%3DeyJpZCI6MTk1MCwidXJsIjoiaHR0cHM6XC9cL2tvbm9iYS1ocnZhdHNrYS1wcmljYS5jb21cL3dwLWNvbnRlbnRcL3VwbG9hZHNcLzIwMjVcLzA2XC8yMDI1MDYxNV8xNzUzMzEtc2NhbGVkLmpwZyIsInNsaWRlc2hvdyI6IjJhY2IzNzUifQ%3D%3D\" href='https:\/\/konoba-hrvatska-prica.com\/wp-content\/uploads\/2025\/06\/20250615_175331-scaled.jpg'><img loading=\"lazy\" decoding=\"async\" width=\"150\" height=\"150\" src=\"https:\/\/konoba-hrvatska-prica.com\/wp-content\/uploads\/2025\/06\/20250615_175331-150x150.jpg\" class=\"attachment-thumbnail size-thumbnail\" alt=\"\" srcset=\"https:\/\/konoba-hrvatska-prica.com\/wp-content\/uploads\/2025\/06\/20250615_175331-150x150.jpg 150w, https:\/\/konoba-hrvatska-prica.com\/wp-content\/uploads\/2025\/06\/20250615_175331-525x525.jpg 525w, https:\/\/konoba-hrvatska-prica.com\/wp-content\/uploads\/2025\/06\/20250615_175331-80x80.jpg 80w\" sizes=\"(max-width: 150px) 100vw, 150px\" \/><\/a>\n\t\t\t<\/dt><\/dl><dl class='gallery-item'>\n\t\t\t<dt class='gallery-icon landscape'>\n\t\t\t\t<a data-elementor-open-lightbox=\"yes\" data-elementor-lightbox-slideshow=\"2acb375\" data-elementor-lightbox-title=\"20250615_175308\" data-e-action-hash=\"#elementor-action%3Aaction%3Dlightbox%26settings%3DeyJpZCI6MTk1MSwidXJsIjoiaHR0cHM6XC9cL2tvbm9iYS1ocnZhdHNrYS1wcmljYS5jb21cL3dwLWNvbnRlbnRcL3VwbG9hZHNcLzIwMjVcLzA2XC8yMDI1MDYxNV8xNzUzMDgtc2NhbGVkLmpwZyIsInNsaWRlc2hvdyI6IjJhY2IzNzUifQ%3D%3D\" href='https:\/\/konoba-hrvatska-prica.com\/wp-content\/uploads\/2025\/06\/20250615_175308-scaled.jpg'><img loading=\"lazy\" decoding=\"async\" width=\"150\" height=\"150\" src=\"https:\/\/konoba-hrvatska-prica.com\/wp-content\/uploads\/2025\/06\/20250615_175308-150x150.jpg\" class=\"attachment-thumbnail size-thumbnail\" alt=\"\" srcset=\"https:\/\/konoba-hrvatska-prica.com\/wp-content\/uploads\/2025\/06\/20250615_175308-150x150.jpg 150w, https:\/\/konoba-hrvatska-prica.com\/wp-content\/uploads\/2025\/06\/20250615_175308-525x525.jpg 525w, https:\/\/konoba-hrvatska-prica.com\/wp-content\/uploads\/2025\/06\/20250615_175308-80x80.jpg 80w\" sizes=\"(max-width: 150px) 100vw, 150px\" \/><\/a>\n\t\t\t<\/dt><\/dl><br style=\"clear: both\" \/><dl class='gallery-item'>\n\t\t\t<dt class='gallery-icon landscape'>\n\t\t\t\t<a data-elementor-open-lightbox=\"yes\" data-elementor-lightbox-slideshow=\"2acb375\" data-elementor-lightbox-title=\"20250615_175256\" data-e-action-hash=\"#elementor-action%3Aaction%3Dlightbox%26settings%3DeyJpZCI6MTk1MiwidXJsIjoiaHR0cHM6XC9cL2tvbm9iYS1ocnZhdHNrYS1wcmljYS5jb21cL3dwLWNvbnRlbnRcL3VwbG9hZHNcLzIwMjVcLzA2XC8yMDI1MDYxNV8xNzUyNTYtc2NhbGVkLmpwZyIsInNsaWRlc2hvdyI6IjJhY2IzNzUifQ%3D%3D\" href='https:\/\/konoba-hrvatska-prica.com\/wp-content\/uploads\/2025\/06\/20250615_175256-scaled.jpg'><img loading=\"lazy\" decoding=\"async\" width=\"150\" height=\"150\" src=\"https:\/\/konoba-hrvatska-prica.com\/wp-content\/uploads\/2025\/06\/20250615_175256-150x150.jpg\" class=\"attachment-thumbnail size-thumbnail\" alt=\"\" srcset=\"https:\/\/konoba-hrvatska-prica.com\/wp-content\/uploads\/2025\/06\/20250615_175256-150x150.jpg 150w, https:\/\/konoba-hrvatska-prica.com\/wp-content\/uploads\/2025\/06\/20250615_175256-525x525.jpg 525w, https:\/\/konoba-hrvatska-prica.com\/wp-content\/uploads\/2025\/06\/20250615_175256-80x80.jpg 80w\" sizes=\"(max-width: 150px) 100vw, 150px\" \/><\/a>\n\t\t\t<\/dt><\/dl><dl class='gallery-item'>\n\t\t\t<dt class='gallery-icon landscape'>\n\t\t\t\t<a data-elementor-open-lightbox=\"yes\" data-elementor-lightbox-slideshow=\"2acb375\" data-elementor-lightbox-title=\"20250615_175250\" data-e-action-hash=\"#elementor-action%3Aaction%3Dlightbox%26settings%3DeyJpZCI6MTk1MywidXJsIjoiaHR0cHM6XC9cL2tvbm9iYS1ocnZhdHNrYS1wcmljYS5jb21cL3dwLWNvbnRlbnRcL3VwbG9hZHNcLzIwMjVcLzA2XC8yMDI1MDYxNV8xNzUyNTAtc2NhbGVkLmpwZyIsInNsaWRlc2hvdyI6IjJhY2IzNzUifQ%3D%3D\" href='https:\/\/konoba-hrvatska-prica.com\/wp-content\/uploads\/2025\/06\/20250615_175250-scaled.jpg'><img loading=\"lazy\" decoding=\"async\" width=\"150\" height=\"150\" src=\"https:\/\/konoba-hrvatska-prica.com\/wp-content\/uploads\/2025\/06\/20250615_175250-150x150.jpg\" class=\"attachment-thumbnail size-thumbnail\" alt=\"\" srcset=\"https:\/\/konoba-hrvatska-prica.com\/wp-content\/uploads\/2025\/06\/20250615_175250-150x150.jpg 150w, https:\/\/konoba-hrvatska-prica.com\/wp-content\/uploads\/2025\/06\/20250615_175250-525x525.jpg 525w, https:\/\/konoba-hrvatska-prica.com\/wp-content\/uploads\/2025\/06\/20250615_175250-80x80.jpg 80w\" sizes=\"(max-width: 150px) 100vw, 150px\" \/><\/a>\n\t\t\t<\/dt><\/dl><dl class='gallery-item'>\n\t\t\t<dt class='gallery-icon landscape'>\n\t\t\t\t<a data-elementor-open-lightbox=\"yes\" data-elementor-lightbox-slideshow=\"2acb375\" data-elementor-lightbox-title=\"20250615_175235\" data-e-action-hash=\"#elementor-action%3Aaction%3Dlightbox%26settings%3DeyJpZCI6MTk1NCwidXJsIjoiaHR0cHM6XC9cL2tvbm9iYS1ocnZhdHNrYS1wcmljYS5jb21cL3dwLWNvbnRlbnRcL3VwbG9hZHNcLzIwMjVcLzA2XC8yMDI1MDYxNV8xNzUyMzUtc2NhbGVkLmpwZyIsInNsaWRlc2hvdyI6IjJhY2IzNzUifQ%3D%3D\" href='https:\/\/konoba-hrvatska-prica.com\/wp-content\/uploads\/2025\/06\/20250615_175235-scaled.jpg'><img loading=\"lazy\" decoding=\"async\" width=\"150\" height=\"150\" src=\"https:\/\/konoba-hrvatska-prica.com\/wp-content\/uploads\/2025\/06\/20250615_175235-150x150.jpg\" class=\"attachment-thumbnail size-thumbnail\" alt=\"\" srcset=\"https:\/\/konoba-hrvatska-prica.com\/wp-content\/uploads\/2025\/06\/20250615_175235-150x150.jpg 150w, https:\/\/konoba-hrvatska-prica.com\/wp-content\/uploads\/2025\/06\/20250615_175235-525x525.jpg 525w, https:\/\/konoba-hrvatska-prica.com\/wp-content\/uploads\/2025\/06\/20250615_175235-80x80.jpg 80w\" sizes=\"(max-width: 150px) 100vw, 150px\" \/><\/a>\n\t\t\t<\/dt><\/dl><dl class='gallery-item'>\n\t\t\t<dt class='gallery-icon landscape'>\n\t\t\t\t<a data-elementor-open-lightbox=\"yes\" data-elementor-lightbox-slideshow=\"2acb375\" data-elementor-lightbox-title=\"20250615_175224\" data-e-action-hash=\"#elementor-action%3Aaction%3Dlightbox%26settings%3DeyJpZCI6MTk1NSwidXJsIjoiaHR0cHM6XC9cL2tvbm9iYS1ocnZhdHNrYS1wcmljYS5jb21cL3dwLWNvbnRlbnRcL3VwbG9hZHNcLzIwMjVcLzA2XC8yMDI1MDYxNV8xNzUyMjQtc2NhbGVkLmpwZyIsInNsaWRlc2hvdyI6IjJhY2IzNzUifQ%3D%3D\" href='https:\/\/konoba-hrvatska-prica.com\/wp-content\/uploads\/2025\/06\/20250615_175224-scaled.jpg'><img loading=\"lazy\" decoding=\"async\" width=\"150\" height=\"150\" src=\"https:\/\/konoba-hrvatska-prica.com\/wp-content\/uploads\/2025\/06\/20250615_175224-150x150.jpg\" class=\"attachment-thumbnail size-thumbnail\" alt=\"\" srcset=\"https:\/\/konoba-hrvatska-prica.com\/wp-content\/uploads\/2025\/06\/20250615_175224-150x150.jpg 150w, https:\/\/konoba-hrvatska-prica.com\/wp-content\/uploads\/2025\/06\/20250615_175224-525x525.jpg 525w, https:\/\/konoba-hrvatska-prica.com\/wp-content\/uploads\/2025\/06\/20250615_175224-80x80.jpg 80w\" sizes=\"(max-width: 150px) 100vw, 150px\" \/><\/a>\n\t\t\t<\/dt><\/dl><br style=\"clear: both\" \/><dl class='gallery-item'>\n\t\t\t<dt class='gallery-icon landscape'>\n\t\t\t\t<a data-elementor-open-lightbox=\"yes\" data-elementor-lightbox-slideshow=\"2acb375\" data-elementor-lightbox-title=\"20250615_175218\" data-e-action-hash=\"#elementor-action%3Aaction%3Dlightbox%26settings%3DeyJpZCI6MTk1NiwidXJsIjoiaHR0cHM6XC9cL2tvbm9iYS1ocnZhdHNrYS1wcmljYS5jb21cL3dwLWNvbnRlbnRcL3VwbG9hZHNcLzIwMjVcLzA2XC8yMDI1MDYxNV8xNzUyMTgtc2NhbGVkLmpwZyIsInNsaWRlc2hvdyI6IjJhY2IzNzUifQ%3D%3D\" href='https:\/\/konoba-hrvatska-prica.com\/wp-content\/uploads\/2025\/06\/20250615_175218-scaled.jpg'><img loading=\"lazy\" decoding=\"async\" width=\"150\" height=\"150\" src=\"https:\/\/konoba-hrvatska-prica.com\/wp-content\/uploads\/2025\/06\/20250615_175218-150x150.jpg\" class=\"attachment-thumbnail size-thumbnail\" alt=\"\" srcset=\"https:\/\/konoba-hrvatska-prica.com\/wp-content\/uploads\/2025\/06\/20250615_175218-150x150.jpg 150w, https:\/\/konoba-hrvatska-prica.com\/wp-content\/uploads\/2025\/06\/20250615_175218-525x525.jpg 525w, https:\/\/konoba-hrvatska-prica.com\/wp-content\/uploads\/2025\/06\/20250615_175218-80x80.jpg 80w\" sizes=\"(max-width: 150px) 100vw, 150px\" \/><\/a>\n\t\t\t<\/dt><\/dl><dl class='gallery-item'>\n\t\t\t<dt class='gallery-icon landscape'>\n\t\t\t\t<a data-elementor-open-lightbox=\"yes\" data-elementor-lightbox-slideshow=\"2acb375\" data-elementor-lightbox-title=\"20250615_175141\" data-e-action-hash=\"#elementor-action%3Aaction%3Dlightbox%26settings%3DeyJpZCI6MTk1NywidXJsIjoiaHR0cHM6XC9cL2tvbm9iYS1ocnZhdHNrYS1wcmljYS5jb21cL3dwLWNvbnRlbnRcL3VwbG9hZHNcLzIwMjVcLzA2XC8yMDI1MDYxNV8xNzUxNDEtc2NhbGVkLmpwZyIsInNsaWRlc2hvdyI6IjJhY2IzNzUifQ%3D%3D\" href='https:\/\/konoba-hrvatska-prica.com\/wp-content\/uploads\/2025\/06\/20250615_175141-scaled.jpg'><img loading=\"lazy\" decoding=\"async\" width=\"150\" height=\"150\" src=\"https:\/\/konoba-hrvatska-prica.com\/wp-content\/uploads\/2025\/06\/20250615_175141-150x150.jpg\" class=\"attachment-thumbnail size-thumbnail\" alt=\"\" srcset=\"https:\/\/konoba-hrvatska-prica.com\/wp-content\/uploads\/2025\/06\/20250615_175141-150x150.jpg 150w, https:\/\/konoba-hrvatska-prica.com\/wp-content\/uploads\/2025\/06\/20250615_175141-525x525.jpg 525w, https:\/\/konoba-hrvatska-prica.com\/wp-content\/uploads\/2025\/06\/20250615_175141-80x80.jpg 80w\" sizes=\"(max-width: 150px) 100vw, 150px\" \/><\/a>\n\t\t\t<\/dt><\/dl>\n\t\t\t<br style='clear: both' \/>\n\t\t<\/div>\n\t\t<\/div>\n\t\t\t\t\t\t<\/div>\n\t\t\t\t<\/div>\n\t\t\t\t\t<\/div>\n\t\t<\/div>\n\t\t\t\t<div class=\"elementor-column elementor-col-33 elementor-top-column elementor-element elementor-element-0f56045\" data-id=\"0f56045\" data-element_type=\"column\">\n\t\t\t<div class=\"elementor-widget-wrap\">\n\t\t\t\t\t\t\t<\/div>\n\t\t<\/div>\n\t\t\t\t<div class=\"elementor-column elementor-col-33 elementor-top-column elementor-element elementor-element-d224789\" data-id=\"d224789\" data-element_type=\"column\">\n\t\t\t<div class=\"elementor-widget-wrap elementor-element-populated\">\n\t\t\t\t\t\t<div class=\"elementor-element elementor-element-6ac0a93 tx-hd-align-left elementor-widget elementor-widget-avas-heading\" data-id=\"6ac0a93\" data-element_type=\"widget\" data-widget_type=\"avas-heading.default\">\n\t\t\t\t<div class=\"elementor-widget-container\">\n\t\t\t\t\t        <div class=\"tx-hd-wrap\">\n\n            <div class=\"tx-hd-wm\"><\/div>\n\n            \n            <div class=\"tx-hd-sub\"><\/div>\n                        <h2 class=\"tx-hd-title\">\n                <span class=\"tx-hd-first-part\">Une histoire croate<\/span>\n                <span class=\"tx-hd-last-part\"><\/span>\n            <\/h2>    \n            \n            <div class=\"tx-hd-desc\"><p>Introduction<\/p><p>Votre jeu, avec des petites phrases et des images, devant la carte, est la cl\u00e9 de la taverne \u201eHrvatska pri\u010da\u201c \u00e0 Danilo Gornje.<\/p><p>D\u00e9veloppement<\/p><p>Les images et les petites phrases (en croate, polonais, anglais, tch\u00e8que, hongrois, allemand, espagnol, fran\u00e7ais, slovaque et italien) vous emm\u00e8nent \u00e0 Omi\u0161, Zagreb (2), Ba\u0161ka Voda, \u0160ibenik (2), Pore\u010d, Skradin, Modro jezero, Trako\u0161\u0107an, Makarska, Krk, Zadar, Tisno, la Croatie, le village de Maduni\u0107, Oto\u010dac, Dubrovnik (2), Rogoznica, Osijek, Biograd na Moru, Split, Krka, Danilo, Visovac, Veliki Tabor, Umag, Modro jezero, Primo\u0161ten, Pag, les Kornati, la Cetina, Murter, Trogir, Vodice, l'Istrie, Prvi\u0107, Klis et Krapanj. Ensuite, devant la carte de la Croatie, avec des chiffres mobiles, le jeu commence.<\/p><p>Et lorsque le jeu se termine, avec ses images, petites phrases et cartes, emportez vos souvenirs \u00e0 travers nos produits : livres, vins, eaux-de-vie (loza, travarica), liqueurs (noix, figue, griotte), magnets en bois, dessous de verre et porte-cl\u00e9s.<\/p><p>Tous nos produits, orn\u00e9s d\u2019images et de petites phrases, de volumes et de formes vari\u00e9s, peuvent \u00eatre command\u00e9s \u00e0 l\u2019adresse e-mail: <a href=\"mailto:madit.izdavastvo@gmail.com\">madit.izdavastvo@gmail.com<\/a>.<\/p><p>Conclusion<\/p><p>La vie est un jeu entre le sujet et l\u2019objet. Jouez vous aussi, la taverne \u201eHrvatska pri\u010da\u201d vous attend.<\/p><\/div>\n\n\n                   \n        <\/div><!-- tx-hd-wrap -->\n\n\n\n\n\n\n\n\n\t\t\t\t<\/div>\n\t\t\t\t<\/div>\n\t\t\t\t\t<\/div>\n\t\t<\/div>\n\t\t\t\t\t<\/div>\n\t\t<\/section>\n\t\t<div class=\"elementor-element elementor-element-e28fbbc e-flex e-con-boxed e-con e-parent\" data-id=\"e28fbbc\" data-element_type=\"container\">\n\t\t\t\t\t<div class=\"e-con-inner\">\n\t\t\t\t\t<\/div>\n\t\t\t\t<\/div>\n\t\t\t\t<\/div>\n\t\t","protected":false},"excerpt":{"rendered":"<p class=\"tx-excerpt\">Une histoire croate Introduction Votre jeu, avec des petites phrases et des images, devant la...<\/p>","protected":false},"author":1,"featured_media":0,"parent":0,"menu_order":0,"comment_status":"closed","ping_status":"closed","template":"","meta":{"footnotes":""},"class_list":["post-2020","page","type-page","status-publish","hentry"],"_links":{"self":[{"href":"https:\/\/konoba-hrvatska-prica.com\/index.php\/wp-json\/wp\/v2\/pages\/2020","targetHints":{"allow":["GET"]}}],"collection":[{"href":"https:\/\/konoba-hrvatska-prica.com\/index.php\/wp-json\/wp\/v2\/pages"}],"about":[{"href":"https:\/\/konoba-hrvatska-prica.com\/index.php\/wp-json\/wp\/v2\/types\/page"}],"author":[{"embeddable":true,"href":"https:\/\/konoba-hrvatska-prica.com\/index.php\/wp-json\/wp\/v2\/users\/1"}],"replies":[{"embeddable":true,"href":"https:\/\/konoba-hrvatska-prica.com\/index.php\/wp-json\/wp\/v2\/comments?post=2020"}],"version-history":[{"count":4,"href":"https:\/\/konoba-hrvatska-prica.com\/index.php\/wp-json\/wp\/v2\/pages\/2020\/revisions"}],"predecessor-version":[{"id":2024,"href":"https:\/\/konoba-hrvatska-prica.com\/index.php\/wp-json\/wp\/v2\/pages\/2020\/revisions\/2024"}],"wp:attachment":[{"href":"https:\/\/konoba-hrvatska-prica.com\/index.php\/wp-json\/wp\/v2\/media?parent=2020"}],"curies":[{"name":"wp","href":"https:\/\/api.w.org\/{rel}","templated":true}]}}