{"id":1940,"date":"2025-06-29T09:56:01","date_gmt":"2025-06-29T07:56:01","guid":{"rendered":"https:\/\/konoba-hrvatska-prica.com\/?page_id=1940"},"modified":"2025-07-01T06:58:04","modified_gmt":"2025-07-01T04:58:04","slug":"o-igri","status":"publish","type":"page","link":"https:\/\/konoba-hrvatska-prica.com\/index.php\/o-igri\/","title":{"rendered":"O igri"},"content":{"rendered":"\t\t<div data-elementor-type=\"wp-page\" data-elementor-id=\"1940\" class=\"elementor elementor-1940\">\n\t\t\t\t\t\t<section class=\"elementor-section elementor-top-section elementor-element elementor-element-e08f402 elementor-section-boxed elementor-section-height-default elementor-section-height-default\" data-id=\"e08f402\" data-element_type=\"section\">\n\t\t\t\t\t\t<div class=\"elementor-container elementor-column-gap-default\">\n\t\t\t\t\t<div class=\"elementor-column elementor-col-33 elementor-top-column elementor-element elementor-element-13d7efc\" data-id=\"13d7efc\" data-element_type=\"column\">\n\t\t\t<div class=\"elementor-widget-wrap elementor-element-populated\">\n\t\t\t\t\t\t<div class=\"elementor-element elementor-element-2acb375 elementor-widget elementor-widget-image-gallery\" data-id=\"2acb375\" data-element_type=\"widget\" data-widget_type=\"image-gallery.default\">\n\t\t\t\t<div class=\"elementor-widget-container\">\n\t\t\t\t\t\t\t<div class=\"elementor-image-gallery\">\n\t\t\t<div id='gallery-1' class='gallery galleryid-1940 gallery-columns-4 gallery-size-thumbnail'><dl class='gallery-item'>\n\t\t\t<dt class='gallery-icon landscape'>\n\t\t\t\t<a data-elementor-open-lightbox=\"yes\" data-elementor-lightbox-slideshow=\"2acb375\" data-elementor-lightbox-title=\"20250615_175139\" data-e-action-hash=\"#elementor-action%3Aaction%3Dlightbox%26settings%3DeyJpZCI6MTk0NCwidXJsIjoiaHR0cHM6XC9cL2tvbm9iYS1ocnZhdHNrYS1wcmljYS5jb21cL3dwLWNvbnRlbnRcL3VwbG9hZHNcLzIwMjVcLzA2XC8yMDI1MDYxNV8xNzUxMzktc2NhbGVkLmpwZyIsInNsaWRlc2hvdyI6IjJhY2IzNzUifQ%3D%3D\" href='https:\/\/konoba-hrvatska-prica.com\/wp-content\/uploads\/2025\/06\/20250615_175139-scaled.jpg'><img decoding=\"async\" width=\"150\" height=\"150\" src=\"https:\/\/konoba-hrvatska-prica.com\/wp-content\/uploads\/2025\/06\/20250615_175139-150x150.jpg\" class=\"attachment-thumbnail size-thumbnail\" alt=\"\" srcset=\"https:\/\/konoba-hrvatska-prica.com\/wp-content\/uploads\/2025\/06\/20250615_175139-150x150.jpg 150w, https:\/\/konoba-hrvatska-prica.com\/wp-content\/uploads\/2025\/06\/20250615_175139-525x525.jpg 525w, https:\/\/konoba-hrvatska-prica.com\/wp-content\/uploads\/2025\/06\/20250615_175139-80x80.jpg 80w\" sizes=\"(max-width: 150px) 100vw, 150px\" \/><\/a>\n\t\t\t<\/dt><\/dl><dl class='gallery-item'>\n\t\t\t<dt class='gallery-icon landscape'>\n\t\t\t\t<a data-elementor-open-lightbox=\"yes\" data-elementor-lightbox-slideshow=\"2acb375\" data-elementor-lightbox-title=\"20250615_175135\" data-e-action-hash=\"#elementor-action%3Aaction%3Dlightbox%26settings%3DeyJpZCI6MTk0NSwidXJsIjoiaHR0cHM6XC9cL2tvbm9iYS1ocnZhdHNrYS1wcmljYS5jb21cL3dwLWNvbnRlbnRcL3VwbG9hZHNcLzIwMjVcLzA2XC8yMDI1MDYxNV8xNzUxMzUtc2NhbGVkLmpwZyIsInNsaWRlc2hvdyI6IjJhY2IzNzUifQ%3D%3D\" href='https:\/\/konoba-hrvatska-prica.com\/wp-content\/uploads\/2025\/06\/20250615_175135-scaled.jpg'><img decoding=\"async\" width=\"150\" height=\"150\" src=\"https:\/\/konoba-hrvatska-prica.com\/wp-content\/uploads\/2025\/06\/20250615_175135-150x150.jpg\" class=\"attachment-thumbnail size-thumbnail\" alt=\"\" srcset=\"https:\/\/konoba-hrvatska-prica.com\/wp-content\/uploads\/2025\/06\/20250615_175135-150x150.jpg 150w, https:\/\/konoba-hrvatska-prica.com\/wp-content\/uploads\/2025\/06\/20250615_175135-525x525.jpg 525w, https:\/\/konoba-hrvatska-prica.com\/wp-content\/uploads\/2025\/06\/20250615_175135-80x80.jpg 80w\" sizes=\"(max-width: 150px) 100vw, 150px\" \/><\/a>\n\t\t\t<\/dt><\/dl><dl class='gallery-item'>\n\t\t\t<dt class='gallery-icon landscape'>\n\t\t\t\t<a data-elementor-open-lightbox=\"yes\" data-elementor-lightbox-slideshow=\"2acb375\" data-elementor-lightbox-title=\"20250615_175007\" data-e-action-hash=\"#elementor-action%3Aaction%3Dlightbox%26settings%3DeyJpZCI6MTk0NiwidXJsIjoiaHR0cHM6XC9cL2tvbm9iYS1ocnZhdHNrYS1wcmljYS5jb21cL3dwLWNvbnRlbnRcL3VwbG9hZHNcLzIwMjVcLzA2XC8yMDI1MDYxNV8xNzUwMDctc2NhbGVkLmpwZyIsInNsaWRlc2hvdyI6IjJhY2IzNzUifQ%3D%3D\" href='https:\/\/konoba-hrvatska-prica.com\/wp-content\/uploads\/2025\/06\/20250615_175007-scaled.jpg'><img decoding=\"async\" width=\"150\" height=\"150\" src=\"https:\/\/konoba-hrvatska-prica.com\/wp-content\/uploads\/2025\/06\/20250615_175007-150x150.jpg\" class=\"attachment-thumbnail size-thumbnail\" alt=\"\" srcset=\"https:\/\/konoba-hrvatska-prica.com\/wp-content\/uploads\/2025\/06\/20250615_175007-150x150.jpg 150w, https:\/\/konoba-hrvatska-prica.com\/wp-content\/uploads\/2025\/06\/20250615_175007-525x525.jpg 525w, https:\/\/konoba-hrvatska-prica.com\/wp-content\/uploads\/2025\/06\/20250615_175007-80x80.jpg 80w\" sizes=\"(max-width: 150px) 100vw, 150px\" \/><\/a>\n\t\t\t<\/dt><\/dl><dl class='gallery-item'>\n\t\t\t<dt class='gallery-icon landscape'>\n\t\t\t\t<a data-elementor-open-lightbox=\"yes\" data-elementor-lightbox-slideshow=\"2acb375\" data-elementor-lightbox-title=\"20250615_174858\" data-e-action-hash=\"#elementor-action%3Aaction%3Dlightbox%26settings%3DeyJpZCI6MTk0NywidXJsIjoiaHR0cHM6XC9cL2tvbm9iYS1ocnZhdHNrYS1wcmljYS5jb21cL3dwLWNvbnRlbnRcL3VwbG9hZHNcLzIwMjVcLzA2XC8yMDI1MDYxNV8xNzQ4NTgtc2NhbGVkLmpwZyIsInNsaWRlc2hvdyI6IjJhY2IzNzUifQ%3D%3D\" href='https:\/\/konoba-hrvatska-prica.com\/wp-content\/uploads\/2025\/06\/20250615_174858-scaled.jpg'><img loading=\"lazy\" decoding=\"async\" width=\"150\" height=\"150\" src=\"https:\/\/konoba-hrvatska-prica.com\/wp-content\/uploads\/2025\/06\/20250615_174858-150x150.jpg\" class=\"attachment-thumbnail size-thumbnail\" alt=\"\" srcset=\"https:\/\/konoba-hrvatska-prica.com\/wp-content\/uploads\/2025\/06\/20250615_174858-150x150.jpg 150w, https:\/\/konoba-hrvatska-prica.com\/wp-content\/uploads\/2025\/06\/20250615_174858-525x525.jpg 525w, https:\/\/konoba-hrvatska-prica.com\/wp-content\/uploads\/2025\/06\/20250615_174858-80x80.jpg 80w\" sizes=\"(max-width: 150px) 100vw, 150px\" \/><\/a>\n\t\t\t<\/dt><\/dl><br style=\"clear: both\" \/><dl class='gallery-item'>\n\t\t\t<dt class='gallery-icon landscape'>\n\t\t\t\t<a data-elementor-open-lightbox=\"yes\" data-elementor-lightbox-slideshow=\"2acb375\" data-elementor-lightbox-title=\"20250615_174850\" data-e-action-hash=\"#elementor-action%3Aaction%3Dlightbox%26settings%3DeyJpZCI6MTk0OCwidXJsIjoiaHR0cHM6XC9cL2tvbm9iYS1ocnZhdHNrYS1wcmljYS5jb21cL3dwLWNvbnRlbnRcL3VwbG9hZHNcLzIwMjVcLzA2XC8yMDI1MDYxNV8xNzQ4NTAtc2NhbGVkLmpwZyIsInNsaWRlc2hvdyI6IjJhY2IzNzUifQ%3D%3D\" href='https:\/\/konoba-hrvatska-prica.com\/wp-content\/uploads\/2025\/06\/20250615_174850-scaled.jpg'><img loading=\"lazy\" decoding=\"async\" width=\"150\" height=\"150\" src=\"https:\/\/konoba-hrvatska-prica.com\/wp-content\/uploads\/2025\/06\/20250615_174850-150x150.jpg\" class=\"attachment-thumbnail size-thumbnail\" alt=\"\" srcset=\"https:\/\/konoba-hrvatska-prica.com\/wp-content\/uploads\/2025\/06\/20250615_174850-150x150.jpg 150w, https:\/\/konoba-hrvatska-prica.com\/wp-content\/uploads\/2025\/06\/20250615_174850-525x525.jpg 525w, https:\/\/konoba-hrvatska-prica.com\/wp-content\/uploads\/2025\/06\/20250615_174850-80x80.jpg 80w\" sizes=\"(max-width: 150px) 100vw, 150px\" \/><\/a>\n\t\t\t<\/dt><\/dl><dl class='gallery-item'>\n\t\t\t<dt class='gallery-icon landscape'>\n\t\t\t\t<a data-elementor-open-lightbox=\"yes\" data-elementor-lightbox-slideshow=\"2acb375\" data-elementor-lightbox-title=\"20250615_175344\" data-e-action-hash=\"#elementor-action%3Aaction%3Dlightbox%26settings%3DeyJpZCI6MTk0OSwidXJsIjoiaHR0cHM6XC9cL2tvbm9iYS1ocnZhdHNrYS1wcmljYS5jb21cL3dwLWNvbnRlbnRcL3VwbG9hZHNcLzIwMjVcLzA2XC8yMDI1MDYxNV8xNzUzNDQtc2NhbGVkLmpwZyIsInNsaWRlc2hvdyI6IjJhY2IzNzUifQ%3D%3D\" href='https:\/\/konoba-hrvatska-prica.com\/wp-content\/uploads\/2025\/06\/20250615_175344-scaled.jpg'><img loading=\"lazy\" decoding=\"async\" width=\"150\" height=\"150\" src=\"https:\/\/konoba-hrvatska-prica.com\/wp-content\/uploads\/2025\/06\/20250615_175344-150x150.jpg\" class=\"attachment-thumbnail size-thumbnail\" alt=\"\" srcset=\"https:\/\/konoba-hrvatska-prica.com\/wp-content\/uploads\/2025\/06\/20250615_175344-150x150.jpg 150w, https:\/\/konoba-hrvatska-prica.com\/wp-content\/uploads\/2025\/06\/20250615_175344-525x525.jpg 525w, https:\/\/konoba-hrvatska-prica.com\/wp-content\/uploads\/2025\/06\/20250615_175344-80x80.jpg 80w\" sizes=\"(max-width: 150px) 100vw, 150px\" \/><\/a>\n\t\t\t<\/dt><\/dl><dl class='gallery-item'>\n\t\t\t<dt class='gallery-icon landscape'>\n\t\t\t\t<a data-elementor-open-lightbox=\"yes\" data-elementor-lightbox-slideshow=\"2acb375\" data-elementor-lightbox-title=\"20250615_175331\" data-e-action-hash=\"#elementor-action%3Aaction%3Dlightbox%26settings%3DeyJpZCI6MTk1MCwidXJsIjoiaHR0cHM6XC9cL2tvbm9iYS1ocnZhdHNrYS1wcmljYS5jb21cL3dwLWNvbnRlbnRcL3VwbG9hZHNcLzIwMjVcLzA2XC8yMDI1MDYxNV8xNzUzMzEtc2NhbGVkLmpwZyIsInNsaWRlc2hvdyI6IjJhY2IzNzUifQ%3D%3D\" href='https:\/\/konoba-hrvatska-prica.com\/wp-content\/uploads\/2025\/06\/20250615_175331-scaled.jpg'><img loading=\"lazy\" decoding=\"async\" width=\"150\" height=\"150\" src=\"https:\/\/konoba-hrvatska-prica.com\/wp-content\/uploads\/2025\/06\/20250615_175331-150x150.jpg\" class=\"attachment-thumbnail size-thumbnail\" alt=\"\" srcset=\"https:\/\/konoba-hrvatska-prica.com\/wp-content\/uploads\/2025\/06\/20250615_175331-150x150.jpg 150w, https:\/\/konoba-hrvatska-prica.com\/wp-content\/uploads\/2025\/06\/20250615_175331-525x525.jpg 525w, https:\/\/konoba-hrvatska-prica.com\/wp-content\/uploads\/2025\/06\/20250615_175331-80x80.jpg 80w\" sizes=\"(max-width: 150px) 100vw, 150px\" \/><\/a>\n\t\t\t<\/dt><\/dl><dl class='gallery-item'>\n\t\t\t<dt class='gallery-icon landscape'>\n\t\t\t\t<a data-elementor-open-lightbox=\"yes\" data-elementor-lightbox-slideshow=\"2acb375\" data-elementor-lightbox-title=\"20250615_175308\" data-e-action-hash=\"#elementor-action%3Aaction%3Dlightbox%26settings%3DeyJpZCI6MTk1MSwidXJsIjoiaHR0cHM6XC9cL2tvbm9iYS1ocnZhdHNrYS1wcmljYS5jb21cL3dwLWNvbnRlbnRcL3VwbG9hZHNcLzIwMjVcLzA2XC8yMDI1MDYxNV8xNzUzMDgtc2NhbGVkLmpwZyIsInNsaWRlc2hvdyI6IjJhY2IzNzUifQ%3D%3D\" href='https:\/\/konoba-hrvatska-prica.com\/wp-content\/uploads\/2025\/06\/20250615_175308-scaled.jpg'><img loading=\"lazy\" decoding=\"async\" width=\"150\" height=\"150\" src=\"https:\/\/konoba-hrvatska-prica.com\/wp-content\/uploads\/2025\/06\/20250615_175308-150x150.jpg\" class=\"attachment-thumbnail size-thumbnail\" alt=\"\" srcset=\"https:\/\/konoba-hrvatska-prica.com\/wp-content\/uploads\/2025\/06\/20250615_175308-150x150.jpg 150w, https:\/\/konoba-hrvatska-prica.com\/wp-content\/uploads\/2025\/06\/20250615_175308-525x525.jpg 525w, https:\/\/konoba-hrvatska-prica.com\/wp-content\/uploads\/2025\/06\/20250615_175308-80x80.jpg 80w\" sizes=\"(max-width: 150px) 100vw, 150px\" \/><\/a>\n\t\t\t<\/dt><\/dl><br style=\"clear: both\" \/><dl class='gallery-item'>\n\t\t\t<dt class='gallery-icon landscape'>\n\t\t\t\t<a data-elementor-open-lightbox=\"yes\" data-elementor-lightbox-slideshow=\"2acb375\" data-elementor-lightbox-title=\"20250615_175256\" data-e-action-hash=\"#elementor-action%3Aaction%3Dlightbox%26settings%3DeyJpZCI6MTk1MiwidXJsIjoiaHR0cHM6XC9cL2tvbm9iYS1ocnZhdHNrYS1wcmljYS5jb21cL3dwLWNvbnRlbnRcL3VwbG9hZHNcLzIwMjVcLzA2XC8yMDI1MDYxNV8xNzUyNTYtc2NhbGVkLmpwZyIsInNsaWRlc2hvdyI6IjJhY2IzNzUifQ%3D%3D\" href='https:\/\/konoba-hrvatska-prica.com\/wp-content\/uploads\/2025\/06\/20250615_175256-scaled.jpg'><img loading=\"lazy\" decoding=\"async\" width=\"150\" height=\"150\" src=\"https:\/\/konoba-hrvatska-prica.com\/wp-content\/uploads\/2025\/06\/20250615_175256-150x150.jpg\" class=\"attachment-thumbnail size-thumbnail\" alt=\"\" srcset=\"https:\/\/konoba-hrvatska-prica.com\/wp-content\/uploads\/2025\/06\/20250615_175256-150x150.jpg 150w, https:\/\/konoba-hrvatska-prica.com\/wp-content\/uploads\/2025\/06\/20250615_175256-525x525.jpg 525w, https:\/\/konoba-hrvatska-prica.com\/wp-content\/uploads\/2025\/06\/20250615_175256-80x80.jpg 80w\" sizes=\"(max-width: 150px) 100vw, 150px\" \/><\/a>\n\t\t\t<\/dt><\/dl><dl class='gallery-item'>\n\t\t\t<dt class='gallery-icon landscape'>\n\t\t\t\t<a data-elementor-open-lightbox=\"yes\" data-elementor-lightbox-slideshow=\"2acb375\" data-elementor-lightbox-title=\"20250615_175250\" data-e-action-hash=\"#elementor-action%3Aaction%3Dlightbox%26settings%3DeyJpZCI6MTk1MywidXJsIjoiaHR0cHM6XC9cL2tvbm9iYS1ocnZhdHNrYS1wcmljYS5jb21cL3dwLWNvbnRlbnRcL3VwbG9hZHNcLzIwMjVcLzA2XC8yMDI1MDYxNV8xNzUyNTAtc2NhbGVkLmpwZyIsInNsaWRlc2hvdyI6IjJhY2IzNzUifQ%3D%3D\" href='https:\/\/konoba-hrvatska-prica.com\/wp-content\/uploads\/2025\/06\/20250615_175250-scaled.jpg'><img loading=\"lazy\" decoding=\"async\" width=\"150\" height=\"150\" src=\"https:\/\/konoba-hrvatska-prica.com\/wp-content\/uploads\/2025\/06\/20250615_175250-150x150.jpg\" class=\"attachment-thumbnail size-thumbnail\" alt=\"\" srcset=\"https:\/\/konoba-hrvatska-prica.com\/wp-content\/uploads\/2025\/06\/20250615_175250-150x150.jpg 150w, https:\/\/konoba-hrvatska-prica.com\/wp-content\/uploads\/2025\/06\/20250615_175250-525x525.jpg 525w, https:\/\/konoba-hrvatska-prica.com\/wp-content\/uploads\/2025\/06\/20250615_175250-80x80.jpg 80w\" sizes=\"(max-width: 150px) 100vw, 150px\" \/><\/a>\n\t\t\t<\/dt><\/dl><dl class='gallery-item'>\n\t\t\t<dt class='gallery-icon landscape'>\n\t\t\t\t<a data-elementor-open-lightbox=\"yes\" data-elementor-lightbox-slideshow=\"2acb375\" data-elementor-lightbox-title=\"20250615_175235\" data-e-action-hash=\"#elementor-action%3Aaction%3Dlightbox%26settings%3DeyJpZCI6MTk1NCwidXJsIjoiaHR0cHM6XC9cL2tvbm9iYS1ocnZhdHNrYS1wcmljYS5jb21cL3dwLWNvbnRlbnRcL3VwbG9hZHNcLzIwMjVcLzA2XC8yMDI1MDYxNV8xNzUyMzUtc2NhbGVkLmpwZyIsInNsaWRlc2hvdyI6IjJhY2IzNzUifQ%3D%3D\" href='https:\/\/konoba-hrvatska-prica.com\/wp-content\/uploads\/2025\/06\/20250615_175235-scaled.jpg'><img loading=\"lazy\" decoding=\"async\" width=\"150\" height=\"150\" src=\"https:\/\/konoba-hrvatska-prica.com\/wp-content\/uploads\/2025\/06\/20250615_175235-150x150.jpg\" class=\"attachment-thumbnail size-thumbnail\" alt=\"\" srcset=\"https:\/\/konoba-hrvatska-prica.com\/wp-content\/uploads\/2025\/06\/20250615_175235-150x150.jpg 150w, https:\/\/konoba-hrvatska-prica.com\/wp-content\/uploads\/2025\/06\/20250615_175235-525x525.jpg 525w, https:\/\/konoba-hrvatska-prica.com\/wp-content\/uploads\/2025\/06\/20250615_175235-80x80.jpg 80w\" sizes=\"(max-width: 150px) 100vw, 150px\" \/><\/a>\n\t\t\t<\/dt><\/dl><dl class='gallery-item'>\n\t\t\t<dt class='gallery-icon landscape'>\n\t\t\t\t<a data-elementor-open-lightbox=\"yes\" data-elementor-lightbox-slideshow=\"2acb375\" data-elementor-lightbox-title=\"20250615_175224\" data-e-action-hash=\"#elementor-action%3Aaction%3Dlightbox%26settings%3DeyJpZCI6MTk1NSwidXJsIjoiaHR0cHM6XC9cL2tvbm9iYS1ocnZhdHNrYS1wcmljYS5jb21cL3dwLWNvbnRlbnRcL3VwbG9hZHNcLzIwMjVcLzA2XC8yMDI1MDYxNV8xNzUyMjQtc2NhbGVkLmpwZyIsInNsaWRlc2hvdyI6IjJhY2IzNzUifQ%3D%3D\" href='https:\/\/konoba-hrvatska-prica.com\/wp-content\/uploads\/2025\/06\/20250615_175224-scaled.jpg'><img loading=\"lazy\" decoding=\"async\" width=\"150\" height=\"150\" src=\"https:\/\/konoba-hrvatska-prica.com\/wp-content\/uploads\/2025\/06\/20250615_175224-150x150.jpg\" class=\"attachment-thumbnail size-thumbnail\" alt=\"\" srcset=\"https:\/\/konoba-hrvatska-prica.com\/wp-content\/uploads\/2025\/06\/20250615_175224-150x150.jpg 150w, https:\/\/konoba-hrvatska-prica.com\/wp-content\/uploads\/2025\/06\/20250615_175224-525x525.jpg 525w, https:\/\/konoba-hrvatska-prica.com\/wp-content\/uploads\/2025\/06\/20250615_175224-80x80.jpg 80w\" sizes=\"(max-width: 150px) 100vw, 150px\" \/><\/a>\n\t\t\t<\/dt><\/dl><br style=\"clear: both\" \/><dl class='gallery-item'>\n\t\t\t<dt class='gallery-icon landscape'>\n\t\t\t\t<a data-elementor-open-lightbox=\"yes\" data-elementor-lightbox-slideshow=\"2acb375\" data-elementor-lightbox-title=\"20250615_175218\" data-e-action-hash=\"#elementor-action%3Aaction%3Dlightbox%26settings%3DeyJpZCI6MTk1NiwidXJsIjoiaHR0cHM6XC9cL2tvbm9iYS1ocnZhdHNrYS1wcmljYS5jb21cL3dwLWNvbnRlbnRcL3VwbG9hZHNcLzIwMjVcLzA2XC8yMDI1MDYxNV8xNzUyMTgtc2NhbGVkLmpwZyIsInNsaWRlc2hvdyI6IjJhY2IzNzUifQ%3D%3D\" href='https:\/\/konoba-hrvatska-prica.com\/wp-content\/uploads\/2025\/06\/20250615_175218-scaled.jpg'><img loading=\"lazy\" decoding=\"async\" width=\"150\" height=\"150\" src=\"https:\/\/konoba-hrvatska-prica.com\/wp-content\/uploads\/2025\/06\/20250615_175218-150x150.jpg\" class=\"attachment-thumbnail size-thumbnail\" alt=\"\" srcset=\"https:\/\/konoba-hrvatska-prica.com\/wp-content\/uploads\/2025\/06\/20250615_175218-150x150.jpg 150w, https:\/\/konoba-hrvatska-prica.com\/wp-content\/uploads\/2025\/06\/20250615_175218-525x525.jpg 525w, https:\/\/konoba-hrvatska-prica.com\/wp-content\/uploads\/2025\/06\/20250615_175218-80x80.jpg 80w\" sizes=\"(max-width: 150px) 100vw, 150px\" \/><\/a>\n\t\t\t<\/dt><\/dl><dl class='gallery-item'>\n\t\t\t<dt class='gallery-icon landscape'>\n\t\t\t\t<a data-elementor-open-lightbox=\"yes\" data-elementor-lightbox-slideshow=\"2acb375\" data-elementor-lightbox-title=\"20250615_175141\" data-e-action-hash=\"#elementor-action%3Aaction%3Dlightbox%26settings%3DeyJpZCI6MTk1NywidXJsIjoiaHR0cHM6XC9cL2tvbm9iYS1ocnZhdHNrYS1wcmljYS5jb21cL3dwLWNvbnRlbnRcL3VwbG9hZHNcLzIwMjVcLzA2XC8yMDI1MDYxNV8xNzUxNDEtc2NhbGVkLmpwZyIsInNsaWRlc2hvdyI6IjJhY2IzNzUifQ%3D%3D\" href='https:\/\/konoba-hrvatska-prica.com\/wp-content\/uploads\/2025\/06\/20250615_175141-scaled.jpg'><img loading=\"lazy\" decoding=\"async\" width=\"150\" height=\"150\" src=\"https:\/\/konoba-hrvatska-prica.com\/wp-content\/uploads\/2025\/06\/20250615_175141-150x150.jpg\" class=\"attachment-thumbnail size-thumbnail\" alt=\"\" srcset=\"https:\/\/konoba-hrvatska-prica.com\/wp-content\/uploads\/2025\/06\/20250615_175141-150x150.jpg 150w, https:\/\/konoba-hrvatska-prica.com\/wp-content\/uploads\/2025\/06\/20250615_175141-525x525.jpg 525w, https:\/\/konoba-hrvatska-prica.com\/wp-content\/uploads\/2025\/06\/20250615_175141-80x80.jpg 80w\" sizes=\"(max-width: 150px) 100vw, 150px\" \/><\/a>\n\t\t\t<\/dt><\/dl>\n\t\t\t<br style='clear: both' \/>\n\t\t<\/div>\n\t\t<\/div>\n\t\t\t\t\t\t<\/div>\n\t\t\t\t<\/div>\n\t\t\t\t\t<\/div>\n\t\t<\/div>\n\t\t\t\t<div class=\"elementor-column elementor-col-33 elementor-top-column elementor-element elementor-element-0f56045\" data-id=\"0f56045\" data-element_type=\"column\">\n\t\t\t<div class=\"elementor-widget-wrap\">\n\t\t\t\t\t\t\t<\/div>\n\t\t<\/div>\n\t\t\t\t<div class=\"elementor-column elementor-col-33 elementor-top-column elementor-element elementor-element-d224789\" data-id=\"d224789\" data-element_type=\"column\">\n\t\t\t<div class=\"elementor-widget-wrap elementor-element-populated\">\n\t\t\t\t\t\t<div class=\"elementor-element elementor-element-6ac0a93 tx-hd-align-left elementor-widget elementor-widget-avas-heading\" data-id=\"6ac0a93\" data-element_type=\"widget\" data-widget_type=\"avas-heading.default\">\n\t\t\t\t<div class=\"elementor-widget-container\">\n\t\t\t\t\t        <div class=\"tx-hd-wrap\">\n\n            <div class=\"tx-hd-wm\"><\/div>\n\n            \n            <div class=\"tx-hd-sub\"><\/div>\n                        <h2 class=\"tx-hd-title\">\n                <span class=\"tx-hd-first-part\">Hrvatska pri\u010da<\/span>\n                <span class=\"tx-hd-last-part\"><\/span>\n            <\/h2>    \n            \n            <div class=\"tx-hd-desc\"><p class=\"Standard\"><b>Uvodni dio<\/b><\/p><p class=\"Standard\">Va\u0161a igra, s crticama i slikama, ispred karte klju\u010d je konobe \u201eHrvatska pri\u010da\u201d na Danilu Gornjem.<\/p><p class=\"Standard\"><b>Razrada<\/b><\/p><p class=\"Standard\">Slike i crtice (na hrvatskom, poljskom, engleskom, \u010de\u0161kom, ma\u0111arskom, njema\u010dkom, \u0161panjolskom, francuskom, slova\u010dkom i talijanskom) vode Vas u Omi\u0161, Zagreb (2), Ba\u0161ku Vodu, \u0160ibenik (2), Pore\u010d, Skradin, Modro jezero, Trako\u0161\u0107an, Makarsku, Krk, Zadar, Tisno, Hrvatsku, Maduni\u0107a selo, Oto\u010dac, Dubrovnik (2), Rogoznicu, Osijek, Biograd na Moru, Split, Krku, Danilo, Visovac, Veliki Tabor, Umag, Modro jezero, Primo\u0161ten, Pag, Kornate, Cetinu, Murter, Trogir, Vodice, Istru, Prvi\u0107, Klis i Krapanj. Potom, ispred karte Hrvatske, s pomi\u010dnim brojevima, slijedi igra.<\/p><p class=\"Standard\">I kad zavr\u0161i igra, slika, crtica i karte, uspomene ponesite kroz na\u0161e proizvode: knjige, vina, rakije (loza, travarica), likere (orah, smokva, vi\u0161nja), drvene magnete, podmeta\u010de i privjeske za klju\u010deve.<\/p><p class=\"Standard\">Sve na\u0161e proizvode sa slikama i crticama, razli\u010ditog volumena i oblika, mo\u017eete i naru\u010diti na e \u2013 mail adresi: <a href=\"mailto:madit.izdavastvo@gmail.com\">madit.izdavastvo@gmail.com<\/a>.<\/p><p class=\"Standard\"><b>Zavr\u0161ni dio<\/b><\/p><p class=\"Standard\">\u017divot je igra subjekta i objekta. Zaigrajte i Vi, konoba \u201eHrvatska pri\u010da\u201d \u010deka.<\/p><\/div>\n\n\n                   \n        <\/div><!-- tx-hd-wrap -->\n\n\n\n\n\n\n\n\n\t\t\t\t<\/div>\n\t\t\t\t<\/div>\n\t\t\t\t\t<\/div>\n\t\t<\/div>\n\t\t\t\t\t<\/div>\n\t\t<\/section>\n\t\t<div class=\"elementor-element elementor-element-e28fbbc e-flex e-con-boxed e-con e-parent\" data-id=\"e28fbbc\" data-element_type=\"container\">\n\t\t\t\t\t<div class=\"e-con-inner\">\n\t\t\t\t\t<\/div>\n\t\t\t\t<\/div>\n\t\t\t\t<\/div>\n\t\t","protected":false},"excerpt":{"rendered":"<p class=\"tx-excerpt\">Hrvatska pri\u010da Uvodni dio Va\u0161a igra, s crticama i slikama, ispred karte klju\u010d je konobe...<\/p>","protected":false},"author":1,"featured_media":0,"parent":0,"menu_order":0,"comment_status":"closed","ping_status":"closed","template":"","meta":{"footnotes":""},"class_list":["post-1940","page","type-page","status-publish","hentry"],"_links":{"self":[{"href":"https:\/\/konoba-hrvatska-prica.com\/index.php\/wp-json\/wp\/v2\/pages\/1940","targetHints":{"allow":["GET"]}}],"collection":[{"href":"https:\/\/konoba-hrvatska-prica.com\/index.php\/wp-json\/wp\/v2\/pages"}],"about":[{"href":"https:\/\/konoba-hrvatska-prica.com\/index.php\/wp-json\/wp\/v2\/types\/page"}],"author":[{"embeddable":true,"href":"https:\/\/konoba-hrvatska-prica.com\/index.php\/wp-json\/wp\/v2\/users\/1"}],"replies":[{"embeddable":true,"href":"https:\/\/konoba-hrvatska-prica.com\/index.php\/wp-json\/wp\/v2\/comments?post=1940"}],"version-history":[{"count":13,"href":"https:\/\/konoba-hrvatska-prica.com\/index.php\/wp-json\/wp\/v2\/pages\/1940\/revisions"}],"predecessor-version":[{"id":1991,"href":"https:\/\/konoba-hrvatska-prica.com\/index.php\/wp-json\/wp\/v2\/pages\/1940\/revisions\/1991"}],"wp:attachment":[{"href":"https:\/\/konoba-hrvatska-prica.com\/index.php\/wp-json\/wp\/v2\/media?parent=1940"}],"curies":[{"name":"wp","href":"https:\/\/api.w.org\/{rel}","templated":true}]}}